






{"id":1485,"date":"2024-07-02T11:07:06","date_gmt":"2024-07-02T09:07:06","guid":{"rendered":"https:\/\/bagubits.it\/privacy-policy\/"},"modified":"2024-07-02T11:33:15","modified_gmt":"2024-07-02T09:33:15","slug":"privacy-policy","status":"publish","type":"page","link":"https:\/\/bagubits.it\/en\/privacy-policy\/","title":{"rendered":"Privacy Policy"},"content":{"rendered":"\n<p>Informazioni ai sensi dell\u2019art. 13 del Reg. EU 2016\/697 (GDPR)  <\/p>\n\n<p>***<\/p>\n\n<p>Gentile visitatore, ai sensi dell\u2019art. 13 del GDPR, ed in relazione ai dati personali di cui il Titolare del Trattamento entrer\u00e0 in possesso, e ne eseguir\u00e0 il trattamento, per eseguire il Contratto stipulato e\/o attivit\u00e0 propedeutiche alla conclusione dello stesso (come, ad esempio, lo scambio di proposte, informazioni, preventivi ecc.), per le attivit\u00e0 \u2013 anche di legge \u2013 ad esso collegate, nonch\u00e9 ad eventuali richieste da Lei avanzate. <\/p>\n\n<p>Per la suddetta Normativa:<\/p>\n\n<p>a) Bagubits S.r.l.s. \u00e8 il \u2018Titolare\u2019 del Trattamento;<\/p>\n\n<p>b) Lei, se persona fisica (anche impresa individuale o professionista), \u00e8 l\u2019Interessato\u2019 e i Suoi dati verranno trattati come di seguito indicato; Lei ha inoltre i diritti che illustriamo di seguito.<\/p>\n\n<p>c) Lei, se persona giuridica (societ\u00e0, ente, ecc.) NON \u00e8 \u2018Interessato\u2019, i Suoi dati NON sono Dati Personali ed al relativo trattamento NON si applica la normativa in oggetto.<\/p>\n\n<p>d) In ogni caso, i Suoi amministratori\/rappresentanti\/dipendenti\/collaboratori\/funzionari \u2013 i cui dati personali dovessero essere incidentalmente conferiti o comunicati, avendo contatti col Titolare per Suo conto \u2013 sono \u2018Interessati\u2019, i loro dati verranno trattati come di seguito indicato ed essi avranno i diritti illustrati di seguito. Lei dichiara all\u2019uopo di aver fornito le suesposte informazioni a detti Suoi rappresentanti\/dipendenti\/collaboratori\/ funzionari. <\/p>\n\n<p>*<\/p>\n\n<p>1. Titolare del trattamento.<\/p>\n\n<p>Come premesso, Titolare del Trattamento dei dati personali \u00e8 Bagubits S.r.l.s., con sede in Via Carlo Chiapello nr. 1, 12010 \u2013 Cuneo \u2013 CN (C.F. e P. IVA: 03872360049), contattabile all\u2019indirizzo email: info@bagubits.it, PEC: bagubitssrls@pec.it.<\/p>\n\n<p>2. Finalit\u00e0 del trattamento cui sono destinati i dati personali e basi giuridiche del trattamento<\/p>\n\n<p>a) Il trattamento \u00e8 finalizzato ad eseguire obblighi derivanti da rapporti contrattuali con Lei, fornirLe un preventivo o altre risposte alle richieste che Lei abbia avanzato, o ancora adempiere ad obblighi fiscali (o comunque di legge). Le basi giuridiche sono la necessit\u00e0 di adempiere agli obblighi contrattuali o precontrattuali cui \u00e8 soggetto il Titolare, la necessit\u00e0 di adempiere agli obblighi legali ai quali \u00e8 soggetto il Titolare. <\/p>\n\n<p>b) Il trattamento potr\u00e0 essere effettuato anche per comunicarLe l\u2019organizzazione di eventi particolari, novit\u00e0 relative ai servizi da Lei acquistati e altre attivit\u00e0 di marketing diretto: in questo caso la base giuridica sar\u00e0 il legittimo interesse del Titolare stesso o di terzi.<\/p>\n\n<p>c) Il trattamento potr\u00e0 altres\u00ec essere effettuato per la condivisione a fini amministrativi con le altre societ\u00e0 del Gruppo imprenditoriale del Titolare ed eventualmente tutelarsi in caso di contenzioso (di qualsiasi natura): pure in questo caso la base giuridica sar\u00e0 il legittimo interesse del Titolare.<\/p>\n\n<p>d) I Suoi dati potranno infine essere trattati per inviarLe (via e-mail \u2013 anche con newsletter \u2013 telefono o altri canali di contatto forniti) comunicazioni commerciali o materiale pubblicitario su prodotti o servizi offerti dal Titolare; contattarLa per offerte personalizzate o rilevare il grado di Sua soddisfazione sulla qualit\u00e0 dei servizi e dei prodotti, o segnalare eventi: in tal caso la base giuridica sar\u00e0 il Suo consenso.<\/p>\n\n<p>3. Categorie di destinatari a cui i dati personali sono stati o saranno comunicati<\/p>\n\n<p>I Suoi dati potranno essere comunicati alle seguenti categorie di soggetti:<\/p>\n\n<p>nostri dipendenti, autorizzati al trattamento adeguatamente istruiti, che si siano impegnati alla riservatezza o abbiano un adeguato obbligo legale di riservatezza;<\/p>\n\n<p>soggetti esterni di nostra fiducia che svolgono, per nostro conto, in qualit\u00e0 di responsabili del trattamento (vincolati da apposito contratto ex art. 28 GDPR) o in qualit\u00e0 di titolari autonomi, necessari per l\u2019esecuzione delle attivit\u00e0 connesse e conseguenti all\u2019esecuzione del contratto, alcune attivit\u00e0 tecniche ed organizzative, quali, ad esempio, societ\u00e0 di servizi amministrativi, contabili e fiscali o informatici;<\/p>\n\n<p>amministrazioni o autorit\u00e0 pubbliche (Agenzia delle Entrate, Autorit\u00e0 Giudiziaria o di pubblica sicurezza, ecc.) per l\u2019adempimento di obblighi di legge;<\/p>\n\n<p>imprese esterne, presso le quali Lei dovesse prestare la sua opera (per conto del Titolare), qualora sia richiesto il nominativo o altri dati personali (come ad esempio una fotografia);<\/p>\n\n<p>associazioni di categoria a cui aderisca la nostra societ\u00e0 e organizzazioni sindacali di appartenenza del lavoratore.<\/p>\n\n<p>Non \u00e8 intenzione del Titolare trasferire i dati trattati in un paese al di fuori dell\u2019Unione Europea, n\u00e8 a un\u2019organizzazione internazionale, fatto salvo, per la sola gestione della newsletter e della chat, l\u2019utilizzo di servizi forniti da fuori dell\u2019Unione (che si basano sui c.d. \u201cPrivacy Shield\u201d e successive eventuali evoluzioni).<\/p>\n\n<p>4. Periodo di conservazione dei dati personali<\/p>\n\n<p>Il Titolare conserva i dati per i tempi necessari al raggiungimento delle suddette finalit\u00e0 e l\u2019adempimento degli obblighi di legge o di cui ad ordini dell\u2019autorit\u00e0, nonch\u00e8 per eventualmente agire\/resistere in giudizio.<\/p>\n\n<p>Per quanto riguarda le finalit\u00e0 di marketing diretto di cui al p. 2b), i dati verranno trattati per il periodo di 2 anni.<\/p>\n\n<p>Per quanto riguarda le finalit\u00e0 di cui al p. 2d), i dati verranno trattati per il periodo di 5 anni, dopo di che verr\u00e0 chiesto un rinnovo del consenso prestato.<\/p>\n\n<p>5. Natura obbligatoria della comunicazione dei Dati e conseguenze del rifiuto<\/p>\n\n<p>La comunicazione dei dati richiesta all\u2019interessato \u00e8 necessaria: il mancato conferimento render\u00e0 impossibile al Titolare fornire quanto richiesto o comunque gestire le richieste.<\/p>\n\n<p>In caso di conferimento dei dati tramite compilazione di moduli prestampati:<\/p>\n\n<p>\u2013 La comunicazione dei dati contrassegnati da asterisco \u00e8 necessaria: il mancato conferimento render\u00e0 impossibile al Titolare fornire quanto richiesto o comunque gestire le richieste.<\/p>\n\n<p>\u2013 La comunicazione dei dati privi di asterisco \u00e8 facoltativa: il mancato conferimento permetter\u00e0 comunque di fornire quanto da richiesto.<\/p>\n\n<p>6. Diritti dell\u2019interessato<\/p>\n\n<p>Il Regolamento UE Le garantisce i seguenti diritti con riferimento al trattamento dei dati personali:<\/p>\n\n<p>a) diritto di accesso con eventuale richiesta di copia dei dati trattati (art. 15 GDPR);<\/p>\n\n<p>b) diritto di rettifica dei dati personali inesatti senza ingiustificato ritardo nonch\u00e9 di integrazione dei dati personali incompleti (art. 16 GDPR);<\/p>\n\n<p>c) diritto alla cancellazione dei dati personali senza ingiustificato ritardo \u2013 c.d. \u2018diritto all\u2019oblio\u2019 \u2013 per uno dei motivi indicati dalla lett. a) alla lett. f) dell\u2019art. 17 GDPR; <\/p>\n\n<p>d) diritto di limitazione del trattamento per una delle ipotesi indicate dalla lett. a) alla lett. d) dell\u2019art. 18 GDPR; <\/p>\n\n<p>e) diritto alla portabilit\u00e0 dei dati (art. 20 GDPR);<\/p>\n\n<p>f) diritto di opposizione, per motivi connessi alla Sua situazione particolare, al trattamento dei dati personali che La riguardino ai sensi dell\u2019art. 6, paragrafo 1, lettere e) o f) GDPR, compresa la profilazione (art. 21 GDPR).   <\/p>\n\n<p>L\u2019esercizio dei Suoi diritti potrebbe essere ritardato, limitato o escluso nei casi previsti dall\u2019art. 2-undecies D.Lgs.  196\/03.<\/p>\n\n<p>In merito all\u2019esercizio di tali diritti Lei potr\u00e0 rivolgersi al Titolare, tramite richiesta scritta.<\/p>\n\n<p>Resta infine fermo il Suo diritto di rivolgersi all\u2019Autorit\u00e0 Garante per la protezione dei dati personali, anche attraverso la presentazione di un reclamo, ove ritenuto necessario, per la tutela dei Suoi dati personali e dei Suoi diritti.<\/p>\n\n<p>7. Revoca del consenso<\/p>\n\n<p>Lei ha il diritto di revocare in qualsiasi momento il consenso eventualmente prestato, senza che tale revoca pregiudichi la liceit\u00e0 del trattamento (basato sul consenso) prestato prima della revoca.<\/p>\n","protected":false},"excerpt":{"rendered":"<p>Informazioni ai sensi dell\u2019art. 13 del Reg. EU 2016\/697 (GDPR) *** Gentile visitatore, ai sensi dell\u2019art. 13 del GDPR, ed in relazione ai dati personali di<span class=\"excerpt-hellip\"> [\u2026]<\/span><\/p>\n","protected":false},"author":2,"featured_media":0,"parent":0,"menu_order":0,"comment_status":"closed","ping_status":"closed","template":"","meta":{"footnotes":""},"class_list":["post-1485","page","type-page","status-publish","hentry"],"yoast_head":"<!-- This site is optimized with the Yoast SEO plugin v27.1.1 - https:\/\/yoast.com\/product\/yoast-seo-wordpress\/ -->\n<title>Privacy Policy - Bagubits<\/title>\n<meta name=\"robots\" content=\"index, follow, max-snippet:-1, max-image-preview:large, max-video-preview:-1\" \/>\n<link rel=\"canonical\" href=\"https:\/\/bagubits.it\/en\/privacy-policy\/\" \/>\n<meta property=\"og:locale\" content=\"en_US\" \/>\n<meta property=\"og:type\" content=\"article\" \/>\n<meta property=\"og:title\" content=\"Privacy Policy - Bagubits\" \/>\n<meta property=\"og:description\" content=\"Informazioni ai sensi dell\u2019art. 13 del Reg. EU 2016\/697 (GDPR) *** Gentile visitatore, ai sensi dell\u2019art. 13 del GDPR, ed in relazione ai dati personali di [\u2026]\" \/>\n<meta property=\"og:url\" content=\"https:\/\/bagubits.it\/en\/privacy-policy\/\" \/>\n<meta property=\"og:site_name\" content=\"Bagubits\" \/>\n<meta property=\"article:publisher\" content=\"https:\/\/www.facebook.com\/bagubits\" \/>\n<meta property=\"article:modified_time\" content=\"2024-07-02T09:33:15+00:00\" \/>\n<meta property=\"og:image\" content=\"https:\/\/bagubits.it\/wp-content\/uploads\/2021\/06\/logo_bagubits_siti_web_small.png\" \/>\n\t<meta property=\"og:image:width\" content=\"198\" \/>\n\t<meta property=\"og:image:height\" content=\"23\" \/>\n\t<meta property=\"og:image:type\" content=\"image\/png\" \/>\n<meta name=\"twitter:card\" content=\"summary_large_image\" \/>\n<meta name=\"twitter:label1\" content=\"Est. reading time\" \/>\n\t<meta name=\"twitter:data1\" content=\"6 minutes\" \/>\n<script type=\"application\/ld+json\" class=\"yoast-schema-graph\">{\"@context\":\"https:\/\/schema.org\",\"@graph\":[{\"@type\":\"WebPage\",\"@id\":\"https:\/\/bagubits.it\/en\/privacy-policy\/\",\"url\":\"https:\/\/bagubits.it\/en\/privacy-policy\/\",\"name\":\"Privacy Policy - Bagubits\",\"isPartOf\":{\"@id\":\"https:\/\/bagubits.it\/en\/#website\"},\"datePublished\":\"2024-07-02T09:07:06+00:00\",\"dateModified\":\"2024-07-02T09:33:15+00:00\",\"breadcrumb\":{\"@id\":\"https:\/\/bagubits.it\/en\/privacy-policy\/#breadcrumb\"},\"inLanguage\":\"en-US\",\"potentialAction\":[{\"@type\":\"ReadAction\",\"target\":[\"https:\/\/bagubits.it\/en\/privacy-policy\/\"]}]},{\"@type\":\"BreadcrumbList\",\"@id\":\"https:\/\/bagubits.it\/en\/privacy-policy\/#breadcrumb\",\"itemListElement\":[{\"@type\":\"ListItem\",\"position\":1,\"name\":\"Home\",\"item\":\"https:\/\/bagubits.it\/en\/\"},{\"@type\":\"ListItem\",\"position\":2,\"name\":\"Privacy Policy\"}]},{\"@type\":\"WebSite\",\"@id\":\"https:\/\/bagubits.it\/en\/#website\",\"url\":\"https:\/\/bagubits.it\/en\/\",\"name\":\"Bagubits\",\"description\":\"Siti web, CRM e soluzioni Internet\",\"publisher\":{\"@id\":\"https:\/\/bagubits.it\/en\/#organization\"},\"potentialAction\":[{\"@type\":\"SearchAction\",\"target\":{\"@type\":\"EntryPoint\",\"urlTemplate\":\"https:\/\/bagubits.it\/en\/?s={search_term_string}\"},\"query-input\":{\"@type\":\"PropertyValueSpecification\",\"valueRequired\":true,\"valueName\":\"search_term_string\"}}],\"inLanguage\":\"en-US\"},{\"@type\":\"Organization\",\"@id\":\"https:\/\/bagubits.it\/en\/#organization\",\"name\":\"Bagubits\",\"url\":\"https:\/\/bagubits.it\/en\/\",\"logo\":{\"@type\":\"ImageObject\",\"inLanguage\":\"en-US\",\"@id\":\"https:\/\/bagubits.it\/en\/#\/schema\/logo\/image\/\",\"url\":\"https:\/\/bagubits.it\/wp-content\/uploads\/2021\/06\/logo_bagubits_siti_web_small.png\",\"contentUrl\":\"https:\/\/bagubits.it\/wp-content\/uploads\/2021\/06\/logo_bagubits_siti_web_small.png\",\"width\":198,\"height\":23,\"caption\":\"Bagubits\"},\"image\":{\"@id\":\"https:\/\/bagubits.it\/en\/#\/schema\/logo\/image\/\"},\"sameAs\":[\"https:\/\/www.facebook.com\/bagubits\"]}]}<\/script>\n<!-- \/ Yoast SEO plugin. -->","yoast_head_json":{"title":"Privacy Policy - Bagubits","robots":{"index":"index","follow":"follow","max-snippet":"max-snippet:-1","max-image-preview":"max-image-preview:large","max-video-preview":"max-video-preview:-1"},"canonical":"https:\/\/bagubits.it\/en\/privacy-policy\/","og_locale":"en_US","og_type":"article","og_title":"Privacy Policy - Bagubits","og_description":"Informazioni ai sensi dell\u2019art. 13 del Reg. EU 2016\/697 (GDPR) *** Gentile visitatore, ai sensi dell\u2019art. 13 del GDPR, ed in relazione ai dati personali di [\u2026]","og_url":"https:\/\/bagubits.it\/en\/privacy-policy\/","og_site_name":"Bagubits","article_publisher":"https:\/\/www.facebook.com\/bagubits","article_modified_time":"2024-07-02T09:33:15+00:00","og_image":[{"width":198,"height":23,"url":"https:\/\/bagubits.it\/wp-content\/uploads\/2021\/06\/logo_bagubits_siti_web_small.png","type":"image\/png"}],"twitter_card":"summary_large_image","twitter_misc":{"Est. reading time":"6 minutes"},"schema":{"@context":"https:\/\/schema.org","@graph":[{"@type":"WebPage","@id":"https:\/\/bagubits.it\/en\/privacy-policy\/","url":"https:\/\/bagubits.it\/en\/privacy-policy\/","name":"Privacy Policy - Bagubits","isPartOf":{"@id":"https:\/\/bagubits.it\/en\/#website"},"datePublished":"2024-07-02T09:07:06+00:00","dateModified":"2024-07-02T09:33:15+00:00","breadcrumb":{"@id":"https:\/\/bagubits.it\/en\/privacy-policy\/#breadcrumb"},"inLanguage":"en-US","potentialAction":[{"@type":"ReadAction","target":["https:\/\/bagubits.it\/en\/privacy-policy\/"]}]},{"@type":"BreadcrumbList","@id":"https:\/\/bagubits.it\/en\/privacy-policy\/#breadcrumb","itemListElement":[{"@type":"ListItem","position":1,"name":"Home","item":"https:\/\/bagubits.it\/en\/"},{"@type":"ListItem","position":2,"name":"Privacy Policy"}]},{"@type":"WebSite","@id":"https:\/\/bagubits.it\/en\/#website","url":"https:\/\/bagubits.it\/en\/","name":"Bagubits","description":"Siti web, CRM e soluzioni Internet","publisher":{"@id":"https:\/\/bagubits.it\/en\/#organization"},"potentialAction":[{"@type":"SearchAction","target":{"@type":"EntryPoint","urlTemplate":"https:\/\/bagubits.it\/en\/?s={search_term_string}"},"query-input":{"@type":"PropertyValueSpecification","valueRequired":true,"valueName":"search_term_string"}}],"inLanguage":"en-US"},{"@type":"Organization","@id":"https:\/\/bagubits.it\/en\/#organization","name":"Bagubits","url":"https:\/\/bagubits.it\/en\/","logo":{"@type":"ImageObject","inLanguage":"en-US","@id":"https:\/\/bagubits.it\/en\/#\/schema\/logo\/image\/","url":"https:\/\/bagubits.it\/wp-content\/uploads\/2021\/06\/logo_bagubits_siti_web_small.png","contentUrl":"https:\/\/bagubits.it\/wp-content\/uploads\/2021\/06\/logo_bagubits_siti_web_small.png","width":198,"height":23,"caption":"Bagubits"},"image":{"@id":"https:\/\/bagubits.it\/en\/#\/schema\/logo\/image\/"},"sameAs":["https:\/\/www.facebook.com\/bagubits"]}]}},"_links":{"self":[{"href":"https:\/\/bagubits.it\/en\/wp-json\/wp\/v2\/pages\/1485","targetHints":{"allow":["GET"]}}],"collection":[{"href":"https:\/\/bagubits.it\/en\/wp-json\/wp\/v2\/pages"}],"about":[{"href":"https:\/\/bagubits.it\/en\/wp-json\/wp\/v2\/types\/page"}],"author":[{"embeddable":true,"href":"https:\/\/bagubits.it\/en\/wp-json\/wp\/v2\/users\/2"}],"replies":[{"embeddable":true,"href":"https:\/\/bagubits.it\/en\/wp-json\/wp\/v2\/comments?post=1485"}],"version-history":[{"count":3,"href":"https:\/\/bagubits.it\/en\/wp-json\/wp\/v2\/pages\/1485\/revisions"}],"predecessor-version":[{"id":1488,"href":"https:\/\/bagubits.it\/en\/wp-json\/wp\/v2\/pages\/1485\/revisions\/1488"}],"wp:attachment":[{"href":"https:\/\/bagubits.it\/en\/wp-json\/wp\/v2\/media?parent=1485"}],"curies":[{"name":"wp","href":"https:\/\/api.w.org\/{rel}","templated":true}]}}